{"id":592,"date":"2022-07-13T16:43:16","date_gmt":"2022-07-13T16:43:16","guid":{"rendered":"https:\/\/summeruniversity2022.com\/?page_id=592"},"modified":"2022-08-16T21:42:19","modified_gmt":"2022-08-16T19:42:19","slug":"politica-de-privacidad","status":"publish","type":"page","link":"https:\/\/summeruniversity2022.com\/en\/politica-de-privacidad\/","title":{"rendered":"Privacy Policy"},"content":{"rendered":"<header class=\"entry-header\">\n<h1 class=\"entry-title\"><span style=\"font-size: 16px;\">Condiciones de Privacidad<\/span><\/h1>\n<\/header>\n<div class=\"entry-content\">\n<p>In compliance with the provisions of Law 15\/1999, of December 13, on the Protection of Personal Data, Centro de Estudios Postmodernia (owner and responsible for the files), domiciled in C\u00f3rdoba, Molinos Alta, 10, C.P. 14001, informs you about the personal data protection policy, so that you can freely decide whether to provide Posmodernia with the personal data that may be requested. Posmodernia will modify this policy in accordance with the judicial and jurisprudential evolution referred to the policy of protection of personal data, by means of the communication of the modifications in this Portal with reasonable anticipation.<\/p>\n<p>All requested data will be incorporated into the automated files of the Posmodernia , and will be subject to automated processing. The collection and automated processing of personal data is for the provision, maintenance, administration, expansion, improvement and study of the services in which you decide to register, contract or request information. Likewise, it also has the purpose of sending, by traditional and electronic means, operational and commercial information about products and services offered by Posmodernia. The purpose of the collection and automated processing of personal data also includes the sending of survey forms, which the user is not obliged to answer. Except in the fields where the contrary is indicated, the answers to the questions about personal data are necessary for the provision of the services.<\/p>\n<p>All data included may be communicated to collaborating entities and third parties, for the fulfillment or formalization, where appropriate, of the established commercial relationship. Likewise, Posmodernia may communicate the data to associated companies under the Posmodernia brand for the same purposes mentioned above. Associated companies under the Posmodernia brand are considered to be those in which Posmodernia has assigned the use of the brand under a commercial contract.<\/p>\n<p>Posmodernia informs you that it complies with the legally required personal data protection security measures and that it has adopted all reasonably required measures in accordance with current technical knowledge to prevent the loss, misuse, alteration, illegitimate intrusion and theft of personal data. provided to Postmodernism. In any case, you should know that the INTERNET is not an impregnable medium.<\/p>\n<p>Posmodernia also informs you that you may at any time deny the consent previously provided and exercise your rights of access, rectification, cancellation and opposition of the data collected in the File, by contacting Posmodernia via email at info@ posmodernia.com or by sending a letter to the following address: Molinos Alta, 10, C.P. 14001, Cordoba.<\/p>\n<p>The data that you provide us, unless you express your opposition by email or by sending a letter to the C\u00f3rdoba address mentioned above, will be segmented or categorized for commercial purposes.<\/p>\n<\/div>","protected":false},"excerpt":{"rendered":"<p>Condiciones de Privacidad En cumplimiento de lo dispuesto en la Ley 15\/1999, de 13 de diciembre de Protecci\u00f3n de Datos de Car\u00e1cter Personal, Centro de Estudios Posmodernia (titular y responsable de los ficheros), domiciliada en C\u00f3rdoba, Molinos Alta,10, C.P. 14001, le informa acerca de la pol\u00edtica de protecci\u00f3n de datos personales, para que usted pueda [&hellip;]<\/p>","protected":false},"author":1,"featured_media":0,"parent":0,"menu_order":0,"comment_status":"closed","ping_status":"closed","template":"","meta":[],"yoast_head":"<!-- This site is optimized with the Yoast SEO plugin v19.5.1 - https:\/\/yoast.com\/wordpress\/plugins\/seo\/ -->\n<title>Pol\u00edtica de privacidad - Universidad de Verano 2022<\/title>\n<meta name=\"robots\" content=\"index, follow, max-snippet:-1, max-image-preview:large, max-video-preview:-1\" \/>\n<link rel=\"canonical\" href=\"https:\/\/summeruniversity2022.com\/en\/politica-de-privacidad\/\" \/>\n<meta property=\"og:locale\" content=\"en_GB\" \/>\n<meta property=\"og:type\" content=\"article\" \/>\n<meta property=\"og:title\" content=\"Pol\u00edtica de privacidad - Universidad de Verano 2022\" \/>\n<meta property=\"og:description\" content=\"Condiciones de Privacidad En cumplimiento de lo dispuesto en la Ley 15\/1999, de 13 de diciembre de Protecci\u00f3n de Datos de Car\u00e1cter Personal, Centro de Estudios Posmodernia (titular y responsable de los ficheros), domiciliada en C\u00f3rdoba, Molinos Alta,10, C.P. 14001, le informa acerca de la pol\u00edtica de protecci\u00f3n de datos personales, para que usted pueda [&hellip;]\" \/>\n<meta property=\"og:url\" content=\"https:\/\/summeruniversity2022.com\/en\/politica-de-privacidad\/\" \/>\n<meta property=\"og:site_name\" content=\"Universidad de Verano 2022\" \/>\n<meta property=\"article:modified_time\" content=\"2022-08-16T19:42:19+00:00\" \/>\n<meta name=\"twitter:card\" content=\"summary_large_image\" \/>\n<meta name=\"twitter:label1\" content=\"Estimated reading time\" \/>\n\t<meta name=\"twitter:data1\" content=\"3 minutes\" \/>\n<script type=\"application\/ld+json\" class=\"yoast-schema-graph\">{\"@context\":\"https:\/\/schema.org\",\"@graph\":[{\"@type\":\"WebPage\",\"@id\":\"https:\/\/summeruniversity2022.com\/politica-de-privacidad\/\",\"url\":\"https:\/\/summeruniversity2022.com\/politica-de-privacidad\/\",\"name\":\"Pol\u00edtica de privacidad - Universidad de Verano 2022\",\"isPartOf\":{\"@id\":\"https:\/\/summeruniversity2022.com\/#website\"},\"datePublished\":\"2022-07-13T16:43:16+00:00\",\"dateModified\":\"2022-08-16T19:42:19+00:00\",\"breadcrumb\":{\"@id\":\"https:\/\/summeruniversity2022.com\/politica-de-privacidad\/#breadcrumb\"},\"inLanguage\":\"en-GB\",\"potentialAction\":[{\"@type\":\"ReadAction\",\"target\":[\"https:\/\/summeruniversity2022.com\/politica-de-privacidad\/\"]}]},{\"@type\":\"BreadcrumbList\",\"@id\":\"https:\/\/summeruniversity2022.com\/politica-de-privacidad\/#breadcrumb\",\"itemListElement\":[{\"@type\":\"ListItem\",\"position\":1,\"name\":\"Portada\",\"item\":\"https:\/\/summeruniversity2022.com\/\"},{\"@type\":\"ListItem\",\"position\":2,\"name\":\"Pol\u00edtica de privacidad\"}]},{\"@type\":\"WebSite\",\"@id\":\"https:\/\/summeruniversity2022.com\/#website\",\"url\":\"https:\/\/summeruniversity2022.com\/\",\"name\":\"Universidad de Verano 2022\",\"description\":\"Universidad de Verano\",\"publisher\":{\"@id\":\"https:\/\/summeruniversity2022.com\/#organization\"},\"potentialAction\":[{\"@type\":\"SearchAction\",\"target\":{\"@type\":\"EntryPoint\",\"urlTemplate\":\"https:\/\/summeruniversity2022.com\/?s={search_term_string}\"},\"query-input\":\"required name=search_term_string\"}],\"inLanguage\":\"en-GB\"},{\"@type\":\"Organization\",\"@id\":\"https:\/\/summeruniversity2022.com\/#organization\",\"name\":\"Universidad de Verano 2022\",\"url\":\"https:\/\/summeruniversity2022.com\/\",\"sameAs\":[],\"logo\":{\"@type\":\"ImageObject\",\"inLanguage\":\"en-GB\",\"@id\":\"https:\/\/summeruniversity2022.com\/#\/schema\/logo\/image\/\",\"url\":\"https:\/\/summeruniversity2022.com\/wp-content\/uploads\/2022\/08\/cropped-summerpeque2.png\",\"contentUrl\":\"https:\/\/summeruniversity2022.com\/wp-content\/uploads\/2022\/08\/cropped-summerpeque2.png\",\"width\":224,\"height\":130,\"caption\":\"Universidad de Verano 2022\"},\"image\":{\"@id\":\"https:\/\/summeruniversity2022.com\/#\/schema\/logo\/image\/\"}}]}<\/script>\n<!-- \/ Yoast SEO plugin. -->","yoast_head_json":{"title":"Pol\u00edtica de privacidad - Universidad de Verano 2022","robots":{"index":"index","follow":"follow","max-snippet":"max-snippet:-1","max-image-preview":"max-image-preview:large","max-video-preview":"max-video-preview:-1"},"canonical":"https:\/\/summeruniversity2022.com\/en\/politica-de-privacidad\/","og_locale":"en_GB","og_type":"article","og_title":"Pol\u00edtica de privacidad - Universidad de Verano 2022","og_description":"Condiciones de Privacidad En cumplimiento de lo dispuesto en la Ley 15\/1999, de 13 de diciembre de Protecci\u00f3n de Datos de Car\u00e1cter Personal, Centro de Estudios Posmodernia (titular y responsable de los ficheros), domiciliada en C\u00f3rdoba, Molinos Alta,10, C.P. 14001, le informa acerca de la pol\u00edtica de protecci\u00f3n de datos personales, para que usted pueda [&hellip;]","og_url":"https:\/\/summeruniversity2022.com\/en\/politica-de-privacidad\/","og_site_name":"Universidad de Verano 2022","article_modified_time":"2022-08-16T19:42:19+00:00","twitter_card":"summary_large_image","twitter_misc":{"Estimated reading time":"3 minutes"},"schema":{"@context":"https:\/\/schema.org","@graph":[{"@type":"WebPage","@id":"https:\/\/summeruniversity2022.com\/politica-de-privacidad\/","url":"https:\/\/summeruniversity2022.com\/politica-de-privacidad\/","name":"Pol\u00edtica de privacidad - Universidad de Verano 2022","isPartOf":{"@id":"https:\/\/summeruniversity2022.com\/#website"},"datePublished":"2022-07-13T16:43:16+00:00","dateModified":"2022-08-16T19:42:19+00:00","breadcrumb":{"@id":"https:\/\/summeruniversity2022.com\/politica-de-privacidad\/#breadcrumb"},"inLanguage":"en-GB","potentialAction":[{"@type":"ReadAction","target":["https:\/\/summeruniversity2022.com\/politica-de-privacidad\/"]}]},{"@type":"BreadcrumbList","@id":"https:\/\/summeruniversity2022.com\/politica-de-privacidad\/#breadcrumb","itemListElement":[{"@type":"ListItem","position":1,"name":"Portada","item":"https:\/\/summeruniversity2022.com\/"},{"@type":"ListItem","position":2,"name":"Pol\u00edtica de privacidad"}]},{"@type":"WebSite","@id":"https:\/\/summeruniversity2022.com\/#website","url":"https:\/\/summeruniversity2022.com\/","name":"Universidad de Verano 2022","description":"Universidad de Verano","publisher":{"@id":"https:\/\/summeruniversity2022.com\/#organization"},"potentialAction":[{"@type":"SearchAction","target":{"@type":"EntryPoint","urlTemplate":"https:\/\/summeruniversity2022.com\/?s={search_term_string}"},"query-input":"required name=search_term_string"}],"inLanguage":"en-GB"},{"@type":"Organization","@id":"https:\/\/summeruniversity2022.com\/#organization","name":"Universidad de Verano 2022","url":"https:\/\/summeruniversity2022.com\/","sameAs":[],"logo":{"@type":"ImageObject","inLanguage":"en-GB","@id":"https:\/\/summeruniversity2022.com\/#\/schema\/logo\/image\/","url":"https:\/\/summeruniversity2022.com\/wp-content\/uploads\/2022\/08\/cropped-summerpeque2.png","contentUrl":"https:\/\/summeruniversity2022.com\/wp-content\/uploads\/2022\/08\/cropped-summerpeque2.png","width":224,"height":130,"caption":"Universidad de Verano 2022"},"image":{"@id":"https:\/\/summeruniversity2022.com\/#\/schema\/logo\/image\/"}}]}},"_links":{"self":[{"href":"https:\/\/summeruniversity2022.com\/en\/wp-json\/wp\/v2\/pages\/592"}],"collection":[{"href":"https:\/\/summeruniversity2022.com\/en\/wp-json\/wp\/v2\/pages"}],"about":[{"href":"https:\/\/summeruniversity2022.com\/en\/wp-json\/wp\/v2\/types\/page"}],"author":[{"embeddable":true,"href":"https:\/\/summeruniversity2022.com\/en\/wp-json\/wp\/v2\/users\/1"}],"replies":[{"embeddable":true,"href":"https:\/\/summeruniversity2022.com\/en\/wp-json\/wp\/v2\/comments?post=592"}],"version-history":[{"count":2,"href":"https:\/\/summeruniversity2022.com\/en\/wp-json\/wp\/v2\/pages\/592\/revisions"}],"predecessor-version":[{"id":842,"href":"https:\/\/summeruniversity2022.com\/en\/wp-json\/wp\/v2\/pages\/592\/revisions\/842"}],"wp:attachment":[{"href":"https:\/\/summeruniversity2022.com\/en\/wp-json\/wp\/v2\/media?parent=592"}],"curies":[{"name":"wp","href":"https:\/\/api.w.org\/{rel}","templated":true}]}}