{"id":55,"date":"2017-02-08T02:02:01","date_gmt":"2017-02-08T02:02:01","guid":{"rendered":"https:\/\/summeruniversity2022.com\/?page_id=55"},"modified":"2022-08-25T21:59:37","modified_gmt":"2022-08-25T19:59:37","slug":"contact","status":"publish","type":"page","link":"https:\/\/summeruniversity2022.com\/en\/contact\/","title":{"rendered":"Contact"},"content":{"rendered":"<section class=\"fw-main-row\" style=\"\" >\n <div class=\"fw-container\">\n <div class=\"fw-row\">\n\t<div id=\"column-f0eba14f7b21873cb1021537d4e931e4\" class=\"fw-col-xs-12  tf-sh-f0eba14f7b21873cb1021537d4e931e4\" >\n\t<div class=\"fw-col-inner\">\n\t\t\n\t<div class=\"fw-divider-space\" style=\"padding-top: 40px;\"><\/div>\n\t<\/div>\n<\/div>\n<\/div>\n\n<div class=\"fw-row\">\n\t<div id=\"column-cf58f49771b63444ee2df1f2b438d8ef\" class=\"fw-col-xs-12 fw-col-sm-6  tf-sh-cf58f49771b63444ee2df1f2b438d8ef\" >\n\t<div class=\"fw-col-inner\">\n\t\t<p>Contact POSMOCAMPUS 2022.<\/p><p>Summer University of the New Direction Foundation in collaboration with Posmodernia<\/p><p>AN ALTERNATIVE TO GLOBALISM: SOVEREIGNTY. INDEPENDENCE. IDENTITY<\/p><div class=\"fw-map\" data-locations=\"[{&quot;title&quot;:&quot;C\\u00f3rdoba&quot;,&quot;url&quot;:&quot;&quot;,&quot;thumb&quot;:false,&quot;coordinates&quot;:{&quot;lat&quot;:-34,&quot;lng&quot;:150},&quot;description&quot;:&quot;&quot;}]\" data-map-type=\"ROADMAP\" data-map-height=\"200\" data-gmap-key=\"AIzaSyBJH7rGfCDVv_mhYXMtPx88VuNYBe0knEo\" data-disable-scrolling=\"\" >\n\t<div class=\"fw-map-canvas\"><\/div>\n<\/div>\t<div class=\"fw-divider-line\"><hr\/><\/div>\n\n<p><i class=\"fa fa-fw fa-map-marker\"><\/i> Jardines Duque de Rivas, C\u00f3rdoba - Espa\u00f1a<\/p><p><i class=\"fa fa-fw fa-envelope\"><\/i> comunicacion@posmodernia.com<\/p><p><i class=\"fa fa-fw fa-phone\"><\/i> 660 733 266<\/p>\t<\/div>\n<\/div>\n<div id=\"column-af1b8c7a7f63ad15216eff0b9109d6b6\" class=\"fw-col-xs-12 fw-col-sm-6  tf-sh-af1b8c7a7f63ad15216eff0b9109d6b6\" >\n\t<div class=\"fw-col-inner\">\n\t\t<div class=\"form-wrapper fw-contact-form contact-form\">\n\t<form data-fw-form-id=\"fw_form\" method=\"post\" action=\"https:\/\/summeruniversity2022.com\/en\/wp-json\/wp\/v2\/pages\/55\" class=\"fw_form_fw_form\" data-fw-ext-forms-type=\"contact-forms\" data-trp-original-action=\"https:\/\/summeruniversity2022.com\/en\/wp-json\/wp\/v2\/pages\/55\"  ><input type=\"hidden\" name=\"fwf\" value=\"fw_form\" \/><input type=\"hidden\" id=\"_nonce_a566bd5b1ae05cf898bde00be3cfd80d\" name=\"_nonce_a566bd5b1ae05cf898bde00be3cfd80d\" value=\"b8d1b21535\" \/><input type=\"hidden\" name=\"_wp_http_referer\" value=\"\/en\/wp-json\/wp\/v2\/pages\/55\" \/><input type=\"hidden\" name=\"fw_ext_forms_form_type\" value=\"contact-forms\" \/><input type=\"hidden\" name=\"fw_ext_forms_form_id\" value=\"1adb1078a9957e988150149ffcc85e09\" \/><div class=\"wrap-forms\">\n\t<div class=\"fw-row\"><\/div><div class=\"fw-row\"><div class=\"fw-col-xs-12 form-builder-item\">\n\t<div class=\"field-text\">\n\t\t\t\t<label for=\"id-1\">Nombre\t\t\t\t\t<\/label>\n\t\t\t\t<input type=\"text\" name=\"text_c0a6ad6\" placeholder=\"\" value=\"\" id=\"id-1\" >\n\t\t\t<\/div>\n<\/div><\/div><div class=\"fw-row\"><div class=\"fw-col-xs-12 form-builder-item\">\n\t<div class=\"field-text\">\n\t\t\t\t<label for=\"id-2\">Email\t\t\t<sup>*<\/sup>\t\t<\/label>\n\t\t\t\t<input type=\"text\" name=\"email_a22472c\" placeholder=\"\" value=\"\" id=\"id-2\" required=\"required\" >\n\t\t\t<\/div>\n<\/div><\/div><div class=\"fw-row\"><div class=\"fw-col-xs-12 form-builder-item\">\n\t<div class=\"field-textarea\">\n\t\t\t\t<label for=\"id-3\">Mensaje\t\t\t<sup>*<\/sup>\t\t<\/label>\n\t\t\t\t<textarea name=\"textarea_ef0a44d\" placeholder=\"\" id=\"id-3\" required=\"required\" ><\/textarea>\n\t\t\t<\/div>\n<\/div><\/div><div class=\"fw-row\"><\/div><\/div><div>\n\t<input type=\"submit\" value=\"Enviar\"\/>\n<\/div><input type=\"hidden\" name=\"trp-form-language\" value=\"en\"\/><\/form><\/div>\t<\/div>\n<\/div>\n<\/div>\n\n <\/div>\n<\/section>","protected":false},"excerpt":{"rendered":"<p>Contacta con POSMOCAMPUS 2022.Universidad de Verano de la Fundaci\u00f3n New Direction en colaboraci\u00f3n con PosmoderniaUNA ALTERNATIVA AL GLOBALISMO: SOBERAN\u00cdA. INDEPENDENCIA. IDENTIDAD Jardines Duque de Rivas, C\u00f3rdoba &#8211; Espa\u00f1a comunicacion@posmodernia.com 660 733 266 Nombre Email * Mensaje *<\/p>","protected":false},"author":1,"featured_media":0,"parent":0,"menu_order":0,"comment_status":"closed","ping_status":"closed","template":"","meta":[],"yoast_head":"<!-- This site is optimized with the Yoast SEO plugin v19.5.1 - https:\/\/yoast.com\/wordpress\/plugins\/seo\/ -->\n<title>Contact - Universidad de Verano 2022<\/title>\n<meta name=\"description\" content=\"Contacta con POSMOCAMPUS 2022. Universidad de Verano de la Fundaci\u00f3n New Direction y Posmodernia\" \/>\n<meta name=\"robots\" content=\"index, follow, max-snippet:-1, max-image-preview:large, max-video-preview:-1\" \/>\n<link rel=\"canonical\" href=\"https:\/\/summeruniversity2022.com\/en\/contact\/\" \/>\n<meta property=\"og:locale\" content=\"en_GB\" \/>\n<meta property=\"og:type\" content=\"article\" \/>\n<meta property=\"og:title\" content=\"Contact - Universidad de Verano 2022\" \/>\n<meta property=\"og:description\" content=\"Contacta con POSMOCAMPUS 2022. Universidad de Verano de la Fundaci\u00f3n New Direction y Posmodernia\" \/>\n<meta property=\"og:url\" content=\"https:\/\/summeruniversity2022.com\/en\/contact\/\" \/>\n<meta property=\"og:site_name\" content=\"Universidad de Verano 2022\" \/>\n<meta property=\"article:modified_time\" content=\"2022-08-25T19:59:37+00:00\" \/>\n<meta name=\"twitter:card\" content=\"summary_large_image\" \/>\n<meta name=\"twitter:label1\" content=\"Estimated reading time\" \/>\n\t<meta name=\"twitter:data1\" content=\"1 minute\" \/>\n<script type=\"application\/ld+json\" class=\"yoast-schema-graph\">{\"@context\":\"https:\/\/schema.org\",\"@graph\":[{\"@type\":\"WebPage\",\"@id\":\"https:\/\/summeruniversity2022.com\/contact\/\",\"url\":\"https:\/\/summeruniversity2022.com\/contact\/\",\"name\":\"Contact - Universidad de Verano 2022\",\"isPartOf\":{\"@id\":\"https:\/\/summeruniversity2022.com\/#website\"},\"datePublished\":\"2017-02-08T02:02:01+00:00\",\"dateModified\":\"2022-08-25T19:59:37+00:00\",\"description\":\"Contacta con POSMOCAMPUS 2022. Universidad de Verano de la Fundaci\u00f3n New Direction y Posmodernia\",\"breadcrumb\":{\"@id\":\"https:\/\/summeruniversity2022.com\/contact\/#breadcrumb\"},\"inLanguage\":\"en-GB\",\"potentialAction\":[{\"@type\":\"ReadAction\",\"target\":[\"https:\/\/summeruniversity2022.com\/contact\/\"]}]},{\"@type\":\"BreadcrumbList\",\"@id\":\"https:\/\/summeruniversity2022.com\/contact\/#breadcrumb\",\"itemListElement\":[{\"@type\":\"ListItem\",\"position\":1,\"name\":\"Portada\",\"item\":\"https:\/\/summeruniversity2022.com\/\"},{\"@type\":\"ListItem\",\"position\":2,\"name\":\"Contact\"}]},{\"@type\":\"WebSite\",\"@id\":\"https:\/\/summeruniversity2022.com\/#website\",\"url\":\"https:\/\/summeruniversity2022.com\/\",\"name\":\"Universidad de Verano 2022\",\"description\":\"Universidad de Verano\",\"publisher\":{\"@id\":\"https:\/\/summeruniversity2022.com\/#organization\"},\"potentialAction\":[{\"@type\":\"SearchAction\",\"target\":{\"@type\":\"EntryPoint\",\"urlTemplate\":\"https:\/\/summeruniversity2022.com\/?s={search_term_string}\"},\"query-input\":\"required name=search_term_string\"}],\"inLanguage\":\"en-GB\"},{\"@type\":\"Organization\",\"@id\":\"https:\/\/summeruniversity2022.com\/#organization\",\"name\":\"Universidad de Verano 2022\",\"url\":\"https:\/\/summeruniversity2022.com\/\",\"sameAs\":[],\"logo\":{\"@type\":\"ImageObject\",\"inLanguage\":\"en-GB\",\"@id\":\"https:\/\/summeruniversity2022.com\/#\/schema\/logo\/image\/\",\"url\":\"https:\/\/summeruniversity2022.com\/wp-content\/uploads\/2022\/08\/cropped-summerpeque2.png\",\"contentUrl\":\"https:\/\/summeruniversity2022.com\/wp-content\/uploads\/2022\/08\/cropped-summerpeque2.png\",\"width\":224,\"height\":130,\"caption\":\"Universidad de Verano 2022\"},\"image\":{\"@id\":\"https:\/\/summeruniversity2022.com\/#\/schema\/logo\/image\/\"}}]}<\/script>\n<!-- \/ Yoast SEO plugin. -->","yoast_head_json":{"title":"Contact - Universidad de Verano 2022","description":"Contacta con POSMOCAMPUS 2022. Universidad de Verano de la Fundaci\u00f3n New Direction y Posmodernia","robots":{"index":"index","follow":"follow","max-snippet":"max-snippet:-1","max-image-preview":"max-image-preview:large","max-video-preview":"max-video-preview:-1"},"canonical":"https:\/\/summeruniversity2022.com\/en\/contact\/","og_locale":"en_GB","og_type":"article","og_title":"Contact - Universidad de Verano 2022","og_description":"Contacta con POSMOCAMPUS 2022. Universidad de Verano de la Fundaci\u00f3n New Direction y Posmodernia","og_url":"https:\/\/summeruniversity2022.com\/en\/contact\/","og_site_name":"Universidad de Verano 2022","article_modified_time":"2022-08-25T19:59:37+00:00","twitter_card":"summary_large_image","twitter_misc":{"Estimated reading time":"1 minute"},"schema":{"@context":"https:\/\/schema.org","@graph":[{"@type":"WebPage","@id":"https:\/\/summeruniversity2022.com\/contact\/","url":"https:\/\/summeruniversity2022.com\/contact\/","name":"Contact - Universidad de Verano 2022","isPartOf":{"@id":"https:\/\/summeruniversity2022.com\/#website"},"datePublished":"2017-02-08T02:02:01+00:00","dateModified":"2022-08-25T19:59:37+00:00","description":"Contacta con POSMOCAMPUS 2022. Universidad de Verano de la Fundaci\u00f3n New Direction y Posmodernia","breadcrumb":{"@id":"https:\/\/summeruniversity2022.com\/contact\/#breadcrumb"},"inLanguage":"en-GB","potentialAction":[{"@type":"ReadAction","target":["https:\/\/summeruniversity2022.com\/contact\/"]}]},{"@type":"BreadcrumbList","@id":"https:\/\/summeruniversity2022.com\/contact\/#breadcrumb","itemListElement":[{"@type":"ListItem","position":1,"name":"Portada","item":"https:\/\/summeruniversity2022.com\/"},{"@type":"ListItem","position":2,"name":"Contact"}]},{"@type":"WebSite","@id":"https:\/\/summeruniversity2022.com\/#website","url":"https:\/\/summeruniversity2022.com\/","name":"Universidad de Verano 2022","description":"Universidad de Verano","publisher":{"@id":"https:\/\/summeruniversity2022.com\/#organization"},"potentialAction":[{"@type":"SearchAction","target":{"@type":"EntryPoint","urlTemplate":"https:\/\/summeruniversity2022.com\/?s={search_term_string}"},"query-input":"required name=search_term_string"}],"inLanguage":"en-GB"},{"@type":"Organization","@id":"https:\/\/summeruniversity2022.com\/#organization","name":"Universidad de Verano 2022","url":"https:\/\/summeruniversity2022.com\/","sameAs":[],"logo":{"@type":"ImageObject","inLanguage":"en-GB","@id":"https:\/\/summeruniversity2022.com\/#\/schema\/logo\/image\/","url":"https:\/\/summeruniversity2022.com\/wp-content\/uploads\/2022\/08\/cropped-summerpeque2.png","contentUrl":"https:\/\/summeruniversity2022.com\/wp-content\/uploads\/2022\/08\/cropped-summerpeque2.png","width":224,"height":130,"caption":"Universidad de Verano 2022"},"image":{"@id":"https:\/\/summeruniversity2022.com\/#\/schema\/logo\/image\/"}}]}},"_links":{"self":[{"href":"https:\/\/summeruniversity2022.com\/en\/wp-json\/wp\/v2\/pages\/55"}],"collection":[{"href":"https:\/\/summeruniversity2022.com\/en\/wp-json\/wp\/v2\/pages"}],"about":[{"href":"https:\/\/summeruniversity2022.com\/en\/wp-json\/wp\/v2\/types\/page"}],"author":[{"embeddable":true,"href":"https:\/\/summeruniversity2022.com\/en\/wp-json\/wp\/v2\/users\/1"}],"replies":[{"embeddable":true,"href":"https:\/\/summeruniversity2022.com\/en\/wp-json\/wp\/v2\/comments?post=55"}],"version-history":[{"count":46,"href":"https:\/\/summeruniversity2022.com\/en\/wp-json\/wp\/v2\/pages\/55\/revisions"}],"predecessor-version":[{"id":892,"href":"https:\/\/summeruniversity2022.com\/en\/wp-json\/wp\/v2\/pages\/55\/revisions\/892"}],"wp:attachment":[{"href":"https:\/\/summeruniversity2022.com\/en\/wp-json\/wp\/v2\/media?parent=55"}],"curies":[{"name":"wp","href":"https:\/\/api.w.org\/{rel}","templated":true}]}}